{"id":1197,"date":"2022-01-05T14:00:17","date_gmt":"2022-01-05T14:00:17","guid":{"rendered":"http:\/\/innovationhubandorra.com\/esp\/?page_id=1197"},"modified":"2022-01-05T14:02:16","modified_gmt":"2022-01-05T14:02:16","slug":"e-sports","status":"publish","type":"page","link":"https:\/\/innovationhubandorra.com\/esp\/e-sports\/","title":{"rendered":"e-Sports"},"content":{"rendered":"<p>[vc_row content_placement=\u00bbmiddle\u00bb][vc_column width=\u00bb1\/2&#8243;][vc_single_image image=\u00bb1200&#8243; img_size=\u00bbfull\u00bb][\/vc_column][vc_column width=\u00bb1\/2&#8243;][vc_empty_space height=\u00bb3em\u00bb alter_height=\u00bbnone\u00bb hide_on_desktop=\u00bb\u00bb hide_on_notebook=\u00bb\u00bb hide_on_tablet=\u00bb\u00bb hide_on_mobile=\u00bb\u00bb]<div id=\"sc_title_2116998585\"\n\t\tclass=\"sc_title color_style_default sc_title_default\"><h3 class=\"sc_item_title sc_title_title sc_align_left sc_item_title_style_default\">e-Sports<\/h3><div class=\"sc_item_descr sc_title_descr sc_align_left\"><p>Entornos y medios para desarrollar equipos de trabajo y de soporte para que los profesionales de los eSports puedan desarrollarse de forma plena y equilibrada.<\/p>\n<p>Las nuevas formas de comunicaci\u00f3n y de espect\u00e1culo se a\u00fanan para conseguir desarrollar un nuevo entorno con un potencial a nivel global sin l\u00edmites.<\/p>\n<\/div><\/div><!-- \/.sc_title -->[vc_empty_space height=\u00bb4.2em\u00bb alter_height=\u00bbnone\u00bb hide_on_desktop=\u00bb\u00bb hide_on_notebook=\u00bb\u00bb hide_on_tablet=\u00bb\u00bb hide_on_mobile=\u00bb1&#8243;][\/vc_column][\/vc_row][vc_row full_width=\u00bbstretch_row\u00bb hide_bg_image_on_tablet=\u00bb\u00bb hide_bg_image_on_mobile=\u00bb\u00bb css=\u00bb.vc_custom_1632409248852{background-image: url(http:\/\/innovationhubandorra.com\/esp\/wp-content\/uploads\/2021\/09\/imagencanalyoutubeinnovationhub.jpg?id=824) !important;background-position: center !important;background-repeat: no-repeat !important;background-size: cover !important;}\u00bb][vc_column icons_position=\u00bbleft\u00bb][vc_empty_space height=\u00bb9.6em\u00bb alter_height=\u00bbnone\u00bb hide_on_desktop=\u00bb\u00bb hide_on_notebook=\u00bb\u00bb hide_on_tablet=\u00bb\u00bb hide_on_mobile=\u00bb\u00bb][vc_column_text scheme=\u00bbdark\u00bb]<\/p>\n<p style=\"color: navy; font-family: courier; font-style: italic; font-size: 25px; line-height: 100%; font-weight: bold; text-align: right;\">\u00daNETE A NOSOTROS&#8230;<br \/>\nCOME TO JOIN US&#8230;<\/p>\n<p>[\/vc_column_text][vc_column_text scheme=\u00bbdark\u00bb]<\/p>\n<p style=\"font-family: catamaran; color: aqua; font-style: oblique; font-size: 30px; line-height: 100%; font-weight: bold; text-align: right;\">\u00abPARA LOS VISIONARIOS<br \/>\nEL CIELO ES EL L\u00cdMITE<br \/>\nY AHORA EL PARA\u00cdSO\u00bb<\/p>\n<p>[\/vc_column_text][vc_column_text scheme=\u00bbdark\u00bb]<\/p>\n<p style=\"font-family: Barlow; color: white; font-style: oblique; font-size: 45px; line-height: 100%; font-weight: bold; text-align: right;\">EUROPEAN TECH VALLEY<\/p>\n<p>[\/vc_column_text][vc_empty_space height=\u00bb4em\u00bb alter_height=\u00bbnone\u00bb hide_on_desktop=\u00bb\u00bb hide_on_notebook=\u00bb\u00bb hide_on_tablet=\u00bb\u00bb hide_on_mobile=\u00bb1&#8243;][vc_empty_space height=\u00bb10em\u00bb alter_height=\u00bbnone\u00bb hide_on_desktop=\u00bb\u00bb hide_on_notebook=\u00bb\u00bb hide_on_tablet=\u00bb1&#8243; hide_on_mobile=\u00bb1&#8243;][vc_empty_space height=\u00bb9.6em\u00bb alter_height=\u00bbnone\u00bb hide_on_desktop=\u00bb\u00bb hide_on_notebook=\u00bb\u00bb hide_on_tablet=\u00bb\u00bb hide_on_mobile=\u00bb\u00bb][vc_empty_space height=\u00bb4em\u00bb alter_height=\u00bbnone\u00bb hide_on_desktop=\u00bb\u00bb hide_on_notebook=\u00bb\u00bb hide_on_tablet=\u00bb\u00bb hide_on_mobile=\u00bb1&#8243;][\/vc_column][\/vc_row]<\/p>\n","protected":false},"excerpt":{"rendered":"<p>[vc_row content_placement=\u00bbmiddle\u00bb][vc_column width=\u00bb1\/2&#8243;][vc_single_image image=\u00bb1200&#8243; img_size=\u00bbfull\u00bb][\/vc_column][vc_column width=\u00bb1\/2&#8243;][vc_empty_space height=\u00bb3em\u00bb alter_height=\u00bbnone\u00bb hide_on_desktop=\u00bb\u00bb hide_on_notebook=\u00bb\u00bb hide_on_tablet=\u00bb\u00bb hide_on_mobile=\u00bb\u00bb][vc_empty_space height=\u00bb4.2em\u00bb alter_height=\u00bbnone\u00bb hide_on_desktop=\u00bb\u00bb hide_on_notebook=\u00bb\u00bb hide_on_tablet=\u00bb\u00bb hide_on_mobile=\u00bb1&#8243;][\/vc_column][\/vc_row][vc_row full_width=\u00bbstretch_row\u00bb hide_bg_image_on_tablet=\u00bb\u00bb hide_bg_image_on_mobile=\u00bb\u00bb css=\u00bb.vc_custom_1632409248852{background-image: url(http:\/\/innovationhubandorra.com\/esp\/wp-content\/uploads\/2021\/09\/imagencanalyoutubeinnovationhub.jpg?id=824) !important;background-position:&hellip;<\/p>\n","protected":false},"author":1,"featured_media":0,"parent":0,"menu_order":0,"comment_status":"closed","ping_status":"closed","template":"","meta":{"footnotes":""},"class_list":["post-1197","page","type-page","status-publish","hentry"],"_links":{"self":[{"href":"https:\/\/innovationhubandorra.com\/esp\/wp-json\/wp\/v2\/pages\/1197","targetHints":{"allow":["GET"]}}],"collection":[{"href":"https:\/\/innovationhubandorra.com\/esp\/wp-json\/wp\/v2\/pages"}],"about":[{"href":"https:\/\/innovationhubandorra.com\/esp\/wp-json\/wp\/v2\/types\/page"}],"author":[{"embeddable":true,"href":"https:\/\/innovationhubandorra.com\/esp\/wp-json\/wp\/v2\/users\/1"}],"replies":[{"embeddable":true,"href":"https:\/\/innovationhubandorra.com\/esp\/wp-json\/wp\/v2\/comments?post=1197"}],"version-history":[{"count":3,"href":"https:\/\/innovationhubandorra.com\/esp\/wp-json\/wp\/v2\/pages\/1197\/revisions"}],"predecessor-version":[{"id":1201,"href":"https:\/\/innovationhubandorra.com\/esp\/wp-json\/wp\/v2\/pages\/1197\/revisions\/1201"}],"wp:attachment":[{"href":"https:\/\/innovationhubandorra.com\/esp\/wp-json\/wp\/v2\/media?parent=1197"}],"curies":[{"name":"wp","href":"https:\/\/api.w.org\/{rel}","templated":true}]}}